{"id":266,"date":"2025-10-11T09:54:54","date_gmt":"2025-10-11T09:54:54","guid":{"rendered":"https:\/\/icovadigital.com\/newcomunica\/?page_id=266"},"modified":"2025-10-11T11:09:34","modified_gmt":"2025-10-11T11:09:34","slug":"packing","status":"publish","type":"page","link":"https:\/\/icovadigital.com\/newcomunica\/packing\/","title":{"rendered":"Packing"},"content":{"rendered":"\t\t<div data-elementor-type=\"wp-page\" data-elementor-id=\"266\" class=\"elementor elementor-266\" data-elementor-post-type=\"page\">\n\t\t\t\t<div class=\"elementor-element elementor-element-64f17995 e-flex e-con-boxed e-con e-parent\" data-id=\"64f17995\" data-element_type=\"container\" data-settings=\"{&quot;background_background&quot;:&quot;classic&quot;}\">\n\t\t\t\t\t<div class=\"e-con-inner\">\n\t\t\t\t\t<\/div>\n\t\t\t\t<\/div>\n\t\t<div class=\"elementor-element elementor-element-60c15f9 e-flex e-con-boxed e-con e-parent\" data-id=\"60c15f9\" data-element_type=\"container\" data-settings=\"{&quot;background_background&quot;:&quot;classic&quot;}\">\n\t\t\t\t\t<div class=\"e-con-inner\">\n\t\t<div class=\"elementor-element elementor-element-5893c6b e-con-full e-flex e-con e-child\" data-id=\"5893c6b\" data-element_type=\"container\">\n\t\t\t\t<div class=\"elementor-element elementor-element-fb7adb3 elementor-widget elementor-widget-image\" data-id=\"fb7adb3\" data-element_type=\"widget\" data-widget_type=\"image.default\">\n\t\t\t\t\t\t\t\t\t\t\t\t\t\t\t<img decoding=\"async\" width=\"342\" height=\"64\" src=\"https:\/\/icovadigital.com\/newcomunica\/wp-content\/uploads\/2025\/10\/packing-copia.png\" class=\"attachment-large size-large wp-image-270\" alt=\"\" srcset=\"https:\/\/icovadigital.com\/newcomunica\/wp-content\/uploads\/2025\/10\/packing-copia.png 342w, https:\/\/icovadigital.com\/newcomunica\/wp-content\/uploads\/2025\/10\/packing-copia-300x56.png 300w\" sizes=\"(max-width: 342px) 100vw, 342px\" \/>\t\t\t\t\t\t\t\t\t\t\t\t\t\t\t<\/div>\n\t\t\t\t<div class=\"elementor-element elementor-element-5c89346 elementor-widget elementor-widget-spacer\" data-id=\"5c89346\" data-element_type=\"widget\" data-widget_type=\"spacer.default\">\n\t\t\t\t\t\t\t<div class=\"elementor-spacer\">\n\t\t\t<div class=\"elementor-spacer-inner\"><\/div>\n\t\t<\/div>\n\t\t\t\t\t\t<\/div>\n\t\t\t\t<div class=\"elementor-element elementor-element-5e35b232 elementor-widget elementor-widget-heading\" data-id=\"5e35b232\" data-element_type=\"widget\" data-widget_type=\"heading.default\">\n\t\t\t\t\t<h2 class=\"elementor-heading-title elementor-size-default\">Un <strong>EMPAQUE<\/strong> no<br>\nes solo un envoltorio,<br>\nes una importante<br>\nherramienta de promoci\u00f3n<br>\nde tu producto, haci\u00e9ndolo<br>m\u00e1s\natractivo, original y<br>\nvendedor. <\/h2>\t\t\t\t<\/div>\n\t\t\t\t<\/div>\n\t\t<div class=\"elementor-element elementor-element-52c9d7c e-con-full e-flex e-con e-child\" data-id=\"52c9d7c\" data-element_type=\"container\">\n\t\t\t\t<\/div>\n\t\t\t\t\t<\/div>\n\t\t\t\t<\/div>\n\t\t<div class=\"elementor-element elementor-element-400dc82d e-flex e-con-boxed e-con e-parent\" data-id=\"400dc82d\" data-element_type=\"container\" data-settings=\"{&quot;background_background&quot;:&quot;classic&quot;}\">\n\t\t\t\t\t<div class=\"e-con-inner\">\n\t\t\t\t<div class=\"elementor-element elementor-element-7665c7b elementor-widget elementor-widget-heading\" data-id=\"7665c7b\" data-element_type=\"widget\" data-widget_type=\"heading.default\">\n\t\t\t\t\t<h2 class=\"elementor-heading-title elementor-size-default\">EMPAQUES BIEN DISE\u00d1ADOS Y<br>\nPERFECTAMENTE IMPRESOS<\/h2>\t\t\t\t<\/div>\n\t\t\t\t<div class=\"elementor-element elementor-element-2ad6ea7 elementor-widget elementor-widget-spacer\" data-id=\"2ad6ea7\" data-element_type=\"widget\" data-widget_type=\"spacer.default\">\n\t\t\t\t\t\t\t<div class=\"elementor-spacer\">\n\t\t\t<div class=\"elementor-spacer-inner\"><\/div>\n\t\t<\/div>\n\t\t\t\t\t\t<\/div>\n\t\t\t\t<div class=\"elementor-element elementor-element-1eba6b96 elementor-widget__width-initial elementor-widget-mobile__width-inherit elementor-widget elementor-widget-heading\" data-id=\"1eba6b96\" data-element_type=\"widget\" data-widget_type=\"heading.default\">\n\t\t\t\t\t<h2 class=\"elementor-heading-title elementor-size-default\">En nuestra l\u00ednea <span style=\"color:#FF0000\">C2PACKAGING<\/span> desarrollamos y producimos tu empaque buscando la correcta elecci\u00f3n del material y acabados que transmitan el valor de tu marca o producto.\n<\/h2>\t\t\t\t<\/div>\n\t\t\t\t<div class=\"elementor-element elementor-element-1fe83a5 elementor-widget elementor-widget-spacer\" data-id=\"1fe83a5\" data-element_type=\"widget\" data-widget_type=\"spacer.default\">\n\t\t\t\t\t\t\t<div class=\"elementor-spacer\">\n\t\t\t<div class=\"elementor-spacer-inner\"><\/div>\n\t\t<\/div>\n\t\t\t\t\t\t<\/div>\n\t\t\t\t<div class=\"elementor-element elementor-element-fd339c8 elementor-widget elementor-widget-image\" data-id=\"fd339c8\" data-element_type=\"widget\" data-widget_type=\"image.default\">\n\t\t\t\t\t\t\t\t\t\t\t\t\t\t\t<img decoding=\"async\" width=\"608\" height=\"80\" src=\"https:\/\/icovadigital.com\/newcomunica\/wp-content\/uploads\/2025\/10\/q2eq.png\" class=\"attachment-large size-large wp-image-280\" alt=\"\" srcset=\"https:\/\/icovadigital.com\/newcomunica\/wp-content\/uploads\/2025\/10\/q2eq.png 608w, https:\/\/icovadigital.com\/newcomunica\/wp-content\/uploads\/2025\/10\/q2eq-300x39.png 300w\" sizes=\"(max-width: 608px) 100vw, 608px\" \/>\t\t\t\t\t\t\t\t\t\t\t\t\t\t\t<\/div>\n\t\t\t\t<div class=\"elementor-element elementor-element-4b8d4f89 elementor-widget elementor-widget-spacer\" data-id=\"4b8d4f89\" data-element_type=\"widget\" data-widget_type=\"spacer.default\">\n\t\t\t\t\t\t\t<div class=\"elementor-spacer\">\n\t\t\t<div class=\"elementor-spacer-inner\"><\/div>\n\t\t<\/div>\n\t\t\t\t\t\t<\/div>\n\t\t\t\t<div class=\"elementor-element elementor-element-d7fde83 gallery-spacing-custom elementor-widget elementor-widget-image-gallery\" data-id=\"d7fde83\" data-element_type=\"widget\" data-widget_type=\"image-gallery.default\">\n\t\t\t\t\t\t\t<div class=\"elementor-image-gallery\">\n\t\t\t<div id='gallery-1' class='gallery galleryid-266 gallery-columns-4 gallery-size-full'><figure class='gallery-item'>\n\t\t\t<div class='gallery-icon landscape'>\n\t\t\t\t<a data-elementor-open-lightbox=\"yes\" data-elementor-lightbox-slideshow=\"d7fde83\" data-elementor-lightbox-title=\"2a-1-300x300\" data-e-action-hash=\"#elementor-action%3Aaction%3Dlightbox%26settings%3DeyJpZCI6MjgxLCJ1cmwiOiJodHRwczpcL1wvaWNvdmFkaWdpdGFsLmNvbVwvbmV3Y29tdW5pY2FcL3dwLWNvbnRlbnRcL3VwbG9hZHNcLzIwMjVcLzEwXC8yYS0xLTMwMHgzMDAtMS5qcGciLCJzbGlkZXNob3ciOiJkN2ZkZTgzIn0%3D\" href='https:\/\/icovadigital.com\/newcomunica\/wp-content\/uploads\/2025\/10\/2a-1-300x300-1.jpg'><img fetchpriority=\"high\" decoding=\"async\" width=\"300\" height=\"300\" src=\"https:\/\/icovadigital.com\/newcomunica\/wp-content\/uploads\/2025\/10\/2a-1-300x300-1.jpg\" class=\"attachment-full size-full\" alt=\"\" srcset=\"https:\/\/icovadigital.com\/newcomunica\/wp-content\/uploads\/2025\/10\/2a-1-300x300-1.jpg 300w, https:\/\/icovadigital.com\/newcomunica\/wp-content\/uploads\/2025\/10\/2a-1-300x300-1-150x150.jpg 150w\" sizes=\"(max-width: 300px) 100vw, 300px\" \/><\/a>\n\t\t\t<\/div><\/figure><figure class='gallery-item'>\n\t\t\t<div class='gallery-icon landscape'>\n\t\t\t\t<a data-elementor-open-lightbox=\"yes\" data-elementor-lightbox-slideshow=\"d7fde83\" data-elementor-lightbox-title=\"4a-1-300x300\" data-e-action-hash=\"#elementor-action%3Aaction%3Dlightbox%26settings%3DeyJpZCI6MjgyLCJ1cmwiOiJodHRwczpcL1wvaWNvdmFkaWdpdGFsLmNvbVwvbmV3Y29tdW5pY2FcL3dwLWNvbnRlbnRcL3VwbG9hZHNcLzIwMjVcLzEwXC80YS0xLTMwMHgzMDAtMS5qcGciLCJzbGlkZXNob3ciOiJkN2ZkZTgzIn0%3D\" href='https:\/\/icovadigital.com\/newcomunica\/wp-content\/uploads\/2025\/10\/4a-1-300x300-1.jpg'><img loading=\"lazy\" decoding=\"async\" width=\"300\" height=\"300\" src=\"https:\/\/icovadigital.com\/newcomunica\/wp-content\/uploads\/2025\/10\/4a-1-300x300-1.jpg\" class=\"attachment-full size-full\" alt=\"\" srcset=\"https:\/\/icovadigital.com\/newcomunica\/wp-content\/uploads\/2025\/10\/4a-1-300x300-1.jpg 300w, https:\/\/icovadigital.com\/newcomunica\/wp-content\/uploads\/2025\/10\/4a-1-300x300-1-150x150.jpg 150w\" sizes=\"(max-width: 300px) 100vw, 300px\" \/><\/a>\n\t\t\t<\/div><\/figure><figure class='gallery-item'>\n\t\t\t<div class='gallery-icon landscape'>\n\t\t\t\t<a data-elementor-open-lightbox=\"yes\" data-elementor-lightbox-slideshow=\"d7fde83\" data-elementor-lightbox-title=\"6a-1-300x300\" data-e-action-hash=\"#elementor-action%3Aaction%3Dlightbox%26settings%3DeyJpZCI6MjgzLCJ1cmwiOiJodHRwczpcL1wvaWNvdmFkaWdpdGFsLmNvbVwvbmV3Y29tdW5pY2FcL3dwLWNvbnRlbnRcL3VwbG9hZHNcLzIwMjVcLzEwXC82YS0xLTMwMHgzMDAtMS5qcGciLCJzbGlkZXNob3ciOiJkN2ZkZTgzIn0%3D\" href='https:\/\/icovadigital.com\/newcomunica\/wp-content\/uploads\/2025\/10\/6a-1-300x300-1.jpg'><img loading=\"lazy\" decoding=\"async\" width=\"300\" height=\"300\" src=\"https:\/\/icovadigital.com\/newcomunica\/wp-content\/uploads\/2025\/10\/6a-1-300x300-1.jpg\" class=\"attachment-full size-full\" alt=\"\" srcset=\"https:\/\/icovadigital.com\/newcomunica\/wp-content\/uploads\/2025\/10\/6a-1-300x300-1.jpg 300w, https:\/\/icovadigital.com\/newcomunica\/wp-content\/uploads\/2025\/10\/6a-1-300x300-1-150x150.jpg 150w\" sizes=\"(max-width: 300px) 100vw, 300px\" \/><\/a>\n\t\t\t<\/div><\/figure><figure class='gallery-item'>\n\t\t\t<div class='gallery-icon landscape'>\n\t\t\t\t<a data-elementor-open-lightbox=\"yes\" data-elementor-lightbox-slideshow=\"d7fde83\" data-elementor-lightbox-title=\"8a-1-300x300\" data-e-action-hash=\"#elementor-action%3Aaction%3Dlightbox%26settings%3DeyJpZCI6Mjg0LCJ1cmwiOiJodHRwczpcL1wvaWNvdmFkaWdpdGFsLmNvbVwvbmV3Y29tdW5pY2FcL3dwLWNvbnRlbnRcL3VwbG9hZHNcLzIwMjVcLzEwXC84YS0xLTMwMHgzMDAtMS5qcGciLCJzbGlkZXNob3ciOiJkN2ZkZTgzIn0%3D\" href='https:\/\/icovadigital.com\/newcomunica\/wp-content\/uploads\/2025\/10\/8a-1-300x300-1.jpg'><img loading=\"lazy\" decoding=\"async\" width=\"300\" height=\"300\" src=\"https:\/\/icovadigital.com\/newcomunica\/wp-content\/uploads\/2025\/10\/8a-1-300x300-1.jpg\" class=\"attachment-full size-full\" alt=\"\" srcset=\"https:\/\/icovadigital.com\/newcomunica\/wp-content\/uploads\/2025\/10\/8a-1-300x300-1.jpg 300w, https:\/\/icovadigital.com\/newcomunica\/wp-content\/uploads\/2025\/10\/8a-1-300x300-1-150x150.jpg 150w\" sizes=\"(max-width: 300px) 100vw, 300px\" \/><\/a>\n\t\t\t<\/div><\/figure><figure class='gallery-item'>\n\t\t\t<div class='gallery-icon landscape'>\n\t\t\t\t<a data-elementor-open-lightbox=\"yes\" data-elementor-lightbox-slideshow=\"d7fde83\" data-elementor-lightbox-title=\"1a-1-300x300\" data-e-action-hash=\"#elementor-action%3Aaction%3Dlightbox%26settings%3DeyJpZCI6Mjg1LCJ1cmwiOiJodHRwczpcL1wvaWNvdmFkaWdpdGFsLmNvbVwvbmV3Y29tdW5pY2FcL3dwLWNvbnRlbnRcL3VwbG9hZHNcLzIwMjVcLzEwXC8xYS0xLTMwMHgzMDAtMS5qcGciLCJzbGlkZXNob3ciOiJkN2ZkZTgzIn0%3D\" href='https:\/\/icovadigital.com\/newcomunica\/wp-content\/uploads\/2025\/10\/1a-1-300x300-1.jpg'><img loading=\"lazy\" decoding=\"async\" width=\"300\" height=\"300\" src=\"https:\/\/icovadigital.com\/newcomunica\/wp-content\/uploads\/2025\/10\/1a-1-300x300-1.jpg\" class=\"attachment-full size-full\" alt=\"\" srcset=\"https:\/\/icovadigital.com\/newcomunica\/wp-content\/uploads\/2025\/10\/1a-1-300x300-1.jpg 300w, https:\/\/icovadigital.com\/newcomunica\/wp-content\/uploads\/2025\/10\/1a-1-300x300-1-150x150.jpg 150w\" sizes=\"(max-width: 300px) 100vw, 300px\" \/><\/a>\n\t\t\t<\/div><\/figure><figure class='gallery-item'>\n\t\t\t<div class='gallery-icon landscape'>\n\t\t\t\t<a data-elementor-open-lightbox=\"yes\" data-elementor-lightbox-slideshow=\"d7fde83\" data-elementor-lightbox-title=\"3a-1-300x300\" data-e-action-hash=\"#elementor-action%3Aaction%3Dlightbox%26settings%3DeyJpZCI6Mjg2LCJ1cmwiOiJodHRwczpcL1wvaWNvdmFkaWdpdGFsLmNvbVwvbmV3Y29tdW5pY2FcL3dwLWNvbnRlbnRcL3VwbG9hZHNcLzIwMjVcLzEwXC8zYS0xLTMwMHgzMDAtMS5qcGciLCJzbGlkZXNob3ciOiJkN2ZkZTgzIn0%3D\" href='https:\/\/icovadigital.com\/newcomunica\/wp-content\/uploads\/2025\/10\/3a-1-300x300-1.jpg'><img loading=\"lazy\" decoding=\"async\" width=\"300\" height=\"300\" src=\"https:\/\/icovadigital.com\/newcomunica\/wp-content\/uploads\/2025\/10\/3a-1-300x300-1.jpg\" class=\"attachment-full size-full\" alt=\"\" srcset=\"https:\/\/icovadigital.com\/newcomunica\/wp-content\/uploads\/2025\/10\/3a-1-300x300-1.jpg 300w, https:\/\/icovadigital.com\/newcomunica\/wp-content\/uploads\/2025\/10\/3a-1-300x300-1-150x150.jpg 150w\" sizes=\"(max-width: 300px) 100vw, 300px\" \/><\/a>\n\t\t\t<\/div><\/figure><figure class='gallery-item'>\n\t\t\t<div class='gallery-icon landscape'>\n\t\t\t\t<a data-elementor-open-lightbox=\"yes\" data-elementor-lightbox-slideshow=\"d7fde83\" data-elementor-lightbox-title=\"5a-1-300x300\" data-e-action-hash=\"#elementor-action%3Aaction%3Dlightbox%26settings%3DeyJpZCI6Mjg3LCJ1cmwiOiJodHRwczpcL1wvaWNvdmFkaWdpdGFsLmNvbVwvbmV3Y29tdW5pY2FcL3dwLWNvbnRlbnRcL3VwbG9hZHNcLzIwMjVcLzEwXC81YS0xLTMwMHgzMDAtMS5qcGciLCJzbGlkZXNob3ciOiJkN2ZkZTgzIn0%3D\" href='https:\/\/icovadigital.com\/newcomunica\/wp-content\/uploads\/2025\/10\/5a-1-300x300-1.jpg'><img loading=\"lazy\" decoding=\"async\" width=\"300\" height=\"300\" src=\"https:\/\/icovadigital.com\/newcomunica\/wp-content\/uploads\/2025\/10\/5a-1-300x300-1.jpg\" class=\"attachment-full size-full\" alt=\"\" srcset=\"https:\/\/icovadigital.com\/newcomunica\/wp-content\/uploads\/2025\/10\/5a-1-300x300-1.jpg 300w, https:\/\/icovadigital.com\/newcomunica\/wp-content\/uploads\/2025\/10\/5a-1-300x300-1-150x150.jpg 150w\" sizes=\"(max-width: 300px) 100vw, 300px\" \/><\/a>\n\t\t\t<\/div><\/figure><figure class='gallery-item'>\n\t\t\t<div class='gallery-icon landscape'>\n\t\t\t\t<a data-elementor-open-lightbox=\"yes\" data-elementor-lightbox-slideshow=\"d7fde83\" data-elementor-lightbox-title=\"7a-1-300x300\" data-e-action-hash=\"#elementor-action%3Aaction%3Dlightbox%26settings%3DeyJpZCI6Mjg4LCJ1cmwiOiJodHRwczpcL1wvaWNvdmFkaWdpdGFsLmNvbVwvbmV3Y29tdW5pY2FcL3dwLWNvbnRlbnRcL3VwbG9hZHNcLzIwMjVcLzEwXC83YS0xLTMwMHgzMDAtMS5qcGciLCJzbGlkZXNob3ciOiJkN2ZkZTgzIn0%3D\" href='https:\/\/icovadigital.com\/newcomunica\/wp-content\/uploads\/2025\/10\/7a-1-300x300-1.jpg'><img loading=\"lazy\" decoding=\"async\" width=\"300\" height=\"300\" src=\"https:\/\/icovadigital.com\/newcomunica\/wp-content\/uploads\/2025\/10\/7a-1-300x300-1.jpg\" class=\"attachment-full size-full\" alt=\"\" srcset=\"https:\/\/icovadigital.com\/newcomunica\/wp-content\/uploads\/2025\/10\/7a-1-300x300-1.jpg 300w, https:\/\/icovadigital.com\/newcomunica\/wp-content\/uploads\/2025\/10\/7a-1-300x300-1-150x150.jpg 150w\" sizes=\"(max-width: 300px) 100vw, 300px\" \/><\/a>\n\t\t\t<\/div><\/figure>\n\t\t<\/div>\n\t\t<\/div>\n\t\t\t\t\t\t<\/div>\n\t\t\t\t<div class=\"elementor-element elementor-element-476f932e elementor-widget elementor-widget-spacer\" data-id=\"476f932e\" data-element_type=\"widget\" data-widget_type=\"spacer.default\">\n\t\t\t\t\t\t\t<div class=\"elementor-spacer\">\n\t\t\t<div class=\"elementor-spacer-inner\"><\/div>\n\t\t<\/div>\n\t\t\t\t\t\t<\/div>\n\t\t<div class=\"elementor-element elementor-element-7a16ffb e-con-full e-flex e-con e-child\" data-id=\"7a16ffb\" data-element_type=\"container\">\n\t\t<div class=\"elementor-element elementor-element-ad01e65 e-con-full e-flex e-con e-child\" data-id=\"ad01e65\" data-element_type=\"container\">\n\t\t\t\t<\/div>\n\t\t<div class=\"elementor-element elementor-element-e9ed24d e-con-full e-flex e-con e-child\" data-id=\"e9ed24d\" data-element_type=\"container\">\n\t\t\t\t<div class=\"elementor-element elementor-element-45058cd4 elementor-widget elementor-widget-image\" data-id=\"45058cd4\" data-element_type=\"widget\" data-widget_type=\"image.default\">\n\t\t\t\t\t\t\t\t\t\t\t\t\t\t\t\t<a href=\"https:\/\/icovadigital.com\/newcomunica\/marketing\/\">\n\t\t\t\t\t\t\t<img loading=\"lazy\" decoding=\"async\" width=\"270\" height=\"52\" src=\"https:\/\/icovadigital.com\/newcomunica\/wp-content\/uploads\/2025\/10\/MARKET.webp\" class=\"attachment-large size-large wp-image-252\" alt=\"\" \/>\t\t\t\t\t\t\t\t<\/a>\n\t\t\t\t\t\t\t\t\t\t\t\t\t\t\t<\/div>\n\t\t\t\t<\/div>\n\t\t<div class=\"elementor-element elementor-element-fe8f0a6 e-con-full e-flex e-con e-child\" data-id=\"fe8f0a6\" data-element_type=\"container\">\n\t\t\t\t<div class=\"elementor-element elementor-element-3b6a0fe3 elementor-widget elementor-widget-image\" data-id=\"3b6a0fe3\" data-element_type=\"widget\" data-widget_type=\"image.default\">\n\t\t\t\t\t\t\t\t\t\t\t\t\t\t\t\t<a href=\"https:\/\/icovadigital.com\/newcomunica\/editorial\/\">\n\t\t\t\t\t\t\t<img loading=\"lazy\" decoding=\"async\" width=\"270\" height=\"52\" src=\"https:\/\/icovadigital.com\/newcomunica\/wp-content\/uploads\/2025\/10\/EDITO.webp\" class=\"attachment-large size-large wp-image-251\" alt=\"\" \/>\t\t\t\t\t\t\t\t<\/a>\n\t\t\t\t\t\t\t\t\t\t\t\t\t\t\t<\/div>\n\t\t\t\t<\/div>\n\t\t<div class=\"elementor-element elementor-element-44365b9 e-con-full e-flex e-con e-child\" data-id=\"44365b9\" data-element_type=\"container\">\n\t\t\t\t<\/div>\n\t\t\t\t<\/div>\n\t\t\t\t\t<\/div>\n\t\t\t\t<\/div>\n\t\t<div class=\"elementor-element elementor-element-4e6b00c e-flex e-con-boxed e-con e-parent\" data-id=\"4e6b00c\" data-element_type=\"container\" data-settings=\"{&quot;background_background&quot;:&quot;classic&quot;}\">\n\t\t\t\t\t<div class=\"e-con-inner\">\n\t\t<div class=\"elementor-element elementor-element-d38f168 e-con-full e-flex e-con e-child\" data-id=\"d38f168\" data-element_type=\"container\">\n\t\t\t\t<div class=\"elementor-element elementor-element-5e4cc27 elementor-widget elementor-widget-image\" data-id=\"5e4cc27\" data-element_type=\"widget\" data-widget_type=\"image.default\">\n\t\t\t\t\t\t\t\t\t\t\t\t\t\t\t<img loading=\"lazy\" decoding=\"async\" width=\"556\" height=\"555\" src=\"https:\/\/icovadigital.com\/newcomunica\/wp-content\/uploads\/2025\/10\/QWDQW.png\" class=\"attachment-large size-large wp-image-292\" alt=\"\" srcset=\"https:\/\/icovadigital.com\/newcomunica\/wp-content\/uploads\/2025\/10\/QWDQW.png 556w, https:\/\/icovadigital.com\/newcomunica\/wp-content\/uploads\/2025\/10\/QWDQW-300x300.png 300w, https:\/\/icovadigital.com\/newcomunica\/wp-content\/uploads\/2025\/10\/QWDQW-150x150.png 150w\" sizes=\"(max-width: 556px) 100vw, 556px\" \/>\t\t\t\t\t\t\t\t\t\t\t\t\t\t\t<\/div>\n\t\t\t\t<\/div>\n\t\t<div class=\"elementor-element elementor-element-d9271c1 e-con-full e-flex e-con e-child\" data-id=\"d9271c1\" data-element_type=\"container\">\n\t\t\t\t<div class=\"elementor-element elementor-element-a3343e2 elementor-widget__width-inherit elementor-widget-mobile__width-inherit elementor-widget elementor-widget-heading\" data-id=\"a3343e2\" data-element_type=\"widget\" data-widget_type=\"heading.default\">\n\t\t\t\t\t<h2 class=\"elementor-heading-title elementor-size-default\">Nada sustituye al impacto visual<br>\nde un <strong data-stylerecorder=\"true\" style=\"text-align: left;line-height: 25px;letter-spacing: 0px;font-weight: 600\"><span style=\"color: red;text-align: left;line-height: 25px;letter-spacing: 0px;font-weight: 600\" data-stylerecorder=\"true\">EMPAQUE BIEN IMPRESO<\/span><\/strong><br>\ny de alta calidad. \n<\/h2>\t\t\t\t<\/div>\n\t\t\t\t<div class=\"elementor-element elementor-element-acafed6 elementor-widget-divider--view-line elementor-widget elementor-widget-divider\" data-id=\"acafed6\" data-element_type=\"widget\" data-widget_type=\"divider.default\">\n\t\t\t\t\t\t\t<div class=\"elementor-divider\">\n\t\t\t<span class=\"elementor-divider-separator\">\n\t\t\t\t\t\t<\/span>\n\t\t<\/div>\n\t\t\t\t\t\t<\/div>\n\t\t\t\t<div class=\"elementor-element elementor-element-39510684 elementor-widget__width-initial elementor-widget-mobile__width-inherit elementor-widget elementor-widget-heading\" data-id=\"39510684\" data-element_type=\"widget\" data-widget_type=\"heading.default\">\n\t\t\t\t\t<h2 class=\"elementor-heading-title elementor-size-default\">Solicita la elaboraci\u00f3n de un dummie cercano<br>\na la realidad en cualquiera de nuestros<br>\ncanales de atenci\u00f3n. <\/h2>\t\t\t\t<\/div>\n\t\t\t\t<div class=\"elementor-element elementor-element-6ba49e0 elementor-widget elementor-widget-spacer\" data-id=\"6ba49e0\" data-element_type=\"widget\" data-widget_type=\"spacer.default\">\n\t\t\t\t\t\t\t<div class=\"elementor-spacer\">\n\t\t\t<div class=\"elementor-spacer-inner\"><\/div>\n\t\t<\/div>\n\t\t\t\t\t\t<\/div>\n\t\t\t\t<div class=\"elementor-element elementor-element-f55f2c4 elementor-widget elementor-widget-image\" data-id=\"f55f2c4\" data-element_type=\"widget\" data-widget_type=\"image.default\">\n\t\t\t\t\t\t\t\t\t\t\t\t\t\t\t\t<a href=\"https:\/\/wa.me\/51989502186\">\n\t\t\t\t\t\t\t<img loading=\"lazy\" decoding=\"async\" width=\"293\" height=\"64\" src=\"https:\/\/icovadigital.com\/newcomunica\/wp-content\/uploads\/2025\/10\/boton1.png\" class=\"attachment-large size-large wp-image-293\" alt=\"\" \/>\t\t\t\t\t\t\t\t<\/a>\n\t\t\t\t\t\t\t\t\t\t\t\t\t\t\t<\/div>\n\t\t\t\t<div class=\"elementor-element elementor-element-99e1fc0 elementor-widget elementor-widget-spacer\" data-id=\"99e1fc0\" data-element_type=\"widget\" data-widget_type=\"spacer.default\">\n\t\t\t\t\t\t\t<div class=\"elementor-spacer\">\n\t\t\t<div class=\"elementor-spacer-inner\"><\/div>\n\t\t<\/div>\n\t\t\t\t\t\t<\/div>\n\t\t\t\t<div class=\"elementor-element elementor-element-80ebdd7 elementor-widget elementor-widget-image\" data-id=\"80ebdd7\" data-element_type=\"widget\" data-widget_type=\"image.default\">\n\t\t\t\t\t\t\t\t\t\t\t\t\t\t\t<img loading=\"lazy\" decoding=\"async\" width=\"498\" height=\"88\" src=\"https:\/\/icovadigital.com\/newcomunica\/wp-content\/uploads\/2025\/10\/EMPAQUES.png\" class=\"attachment-large size-large wp-image-294\" alt=\"\" srcset=\"https:\/\/icovadigital.com\/newcomunica\/wp-content\/uploads\/2025\/10\/EMPAQUES.png 498w, https:\/\/icovadigital.com\/newcomunica\/wp-content\/uploads\/2025\/10\/EMPAQUES-300x53.png 300w\" sizes=\"(max-width: 498px) 100vw, 498px\" \/>\t\t\t\t\t\t\t\t\t\t\t\t\t\t\t<\/div>\n\t\t\t\t<div class=\"elementor-element elementor-element-44c1908 elementor-widget elementor-widget-spacer\" data-id=\"44c1908\" data-element_type=\"widget\" data-widget_type=\"spacer.default\">\n\t\t\t\t\t\t\t<div class=\"elementor-spacer\">\n\t\t\t<div class=\"elementor-spacer-inner\"><\/div>\n\t\t<\/div>\n\t\t\t\t\t\t<\/div>\n\t\t\t\t<\/div>\n\t\t\t\t\t<\/div>\n\t\t\t\t<\/div>\n\t\t\t\t<\/div>\n\t\t","protected":false},"excerpt":{"rendered":"<p>Un EMPAQUE no es solo un envoltorio, es una importante herramienta de promoci\u00f3n de tu producto, haci\u00e9ndolom\u00e1s atractivo, original y vendedor. EMPAQUES BIEN DISE\u00d1ADOS Y PERFECTAMENTE IMPRESOS En nuestra l\u00ednea C2PACKAGING desarrollamos y producimos tu empaque buscando la correcta elecci\u00f3n del material y acabados que transmitan el valor de tu marca o producto. Nada sustituye [&hellip;]<\/p>\n","protected":false},"author":1,"featured_media":0,"parent":0,"menu_order":0,"comment_status":"closed","ping_status":"closed","template":"elementor_header_footer","meta":{"footnotes":""},"class_list":["post-266","page","type-page","status-publish","hentry"],"_links":{"self":[{"href":"https:\/\/icovadigital.com\/newcomunica\/wp-json\/wp\/v2\/pages\/266","targetHints":{"allow":["GET"]}}],"collection":[{"href":"https:\/\/icovadigital.com\/newcomunica\/wp-json\/wp\/v2\/pages"}],"about":[{"href":"https:\/\/icovadigital.com\/newcomunica\/wp-json\/wp\/v2\/types\/page"}],"author":[{"embeddable":true,"href":"https:\/\/icovadigital.com\/newcomunica\/wp-json\/wp\/v2\/users\/1"}],"replies":[{"embeddable":true,"href":"https:\/\/icovadigital.com\/newcomunica\/wp-json\/wp\/v2\/comments?post=266"}],"version-history":[{"count":25,"href":"https:\/\/icovadigital.com\/newcomunica\/wp-json\/wp\/v2\/pages\/266\/revisions"}],"predecessor-version":[{"id":480,"href":"https:\/\/icovadigital.com\/newcomunica\/wp-json\/wp\/v2\/pages\/266\/revisions\/480"}],"wp:attachment":[{"href":"https:\/\/icovadigital.com\/newcomunica\/wp-json\/wp\/v2\/media?parent=266"}],"curies":[{"name":"wp","href":"https:\/\/api.w.org\/{rel}","templated":true}]}}